{"id":125,"date":"2025-03-13T13:44:05","date_gmt":"2025-03-13T12:44:05","guid":{"rendered":"https:\/\/mbarroso.prismasg.com\/?page_id=125"},"modified":"2025-03-20T11:25:16","modified_gmt":"2025-03-20T10:25:16","slug":"aviso-legal","status":"publish","type":"page","link":"https:\/\/www.marbarroso.com\/en\/aviso-legal\/","title":{"rendered":"Legal Notice"},"content":{"rendered":"<div class=\"container\">\n<div class=\"row\">\n<div class=\"col-xs-12 col-s-12 col-md-6 text-left px-4\">\n<div style=\"padding-top:30px; padding-bottom:30px;  \">\n<h3>General Information MARISCOS MB S.L.U.<\/h3>\n<p class=\"plist\">\n\t\t\t\t\t<strong>Company Name:<\/strong> MARISCOS MB S.L.U.<br \/><strong>C.I.F:<\/strong> B21552328 <br \/><strong>Telephone:<\/strong> (+34) 959 31 43 34<br \/><strong>E-mail:<\/strong> <a href=\"mailto@gestion@marbarroso.com\" class=\"maillink\">gestion@marbarroso.com<\/a><br \/>\t\n\t\t\t\t<\/p>\n<\/p><\/div>\n<div class=\" legal\">\n<h3>I &#8211; Objeto<\/h3>\n<p>El objeto de las presentes condiciones generales es regular el uso que pueden realizar los usuarios de la web corporativa de <strong>MARISCOS MB S.L.U.<\/strong>, que actualmente se encuentra en la URL <strong>www.marbarroso.com<\/strong> (en adelante la web corporativa).&nbsp;<strong>MARISCOS MB S.L.U.<\/strong> <strong>es una compa\u00f1\u00eda espa\u00f1ola con domicilio social en Avenida del Nuevo Colombino, s\/n 21006 (Huelva).<\/strong><\/p>\n<h3>II &#8211; Funcionamiento de la web corporativa<\/h3>\n<p><strong>MARISCOS MB S.L.U.<\/strong>&nbsp;se reserva la facultad de efectuar, en cualquier momento y sin necesidad de previo aviso, las modificaciones y actualizaciones que estime convenientes en la web corporativa, de la configuraci\u00f3n y presentaci\u00f3n de \u00e9sta y de las condiciones de acceso pudiendo incluir servicios y contenidos adicionales a los actuales o, en su caso, suprimirlos o modificar la configuraci\u00f3n y presentaci\u00f3n de \u00e9sta y de las condiciones de acceso.&nbsp;<strong>MARISCOS MB S.L.U.<\/strong> podr\u00e1 bloquear el acceso a todos o parte de los usuarios de la misma para proceder a realizar las modificaciones o reparaciones que considere necesarias en cualquier momento. In any case, <strong>MARISCOS MB S.L.U.<\/strong> will be responsible for the inadequate functioning of the system if this is due to a faulty configuration of the user&#8217;s equipment or its insufficient capacity to support the computer systems required to make use of the service.&nbsp;<strong>MARISCOS MB S.L.U.<\/strong> se compromete a realizar todos sus esfuerzos para mantener actualizada la informaci\u00f3n y contenidos que introduzca en la web corporativa, si bien el usuario conoce que pueden existir incorrecciones en los contenidos y servicios incluidos en la web corporativa que, en su caso,&nbsp;<strong>MARISCOS MB S.L.U.<\/strong> will proceed to correct as soon as possible as soon as it becomes aware of their existence. En cualquier caso,&nbsp;<strong>MARISCOS MB S.L.U.<\/strong> no garantiza la inexistencia de interrupciones o errores en el acceso a la web corporativa, en su contenido, ni que \u00e9ste se encuentre actualizado, aunque desarrollar\u00e1 sus mejores esfuerzos para, en su caso, evitarlos, subsanarlos o actualizarlos.&nbsp;<strong>MARISCOS MB S.L.U.<\/strong> no se hace responsable de los posibles errores de seguridad que se puedan producir ni de los posibles da\u00f1os que puedan causarse al sistema inform\u00e1tico del usuario (hardware y software), los ficheros o documentos almacenados en el mismo, como consecuencia de la presencia de virus en el ordenador del usuario utilizado para la conexi\u00f3n a los servicios y contenidos en la Web.&nbsp;<strong>MARISCOS MB S.L.U.<\/strong> no asume responsabilidad alguna derivada de la concesi\u00f3n o contenidos de los enlaces de terceros a los que se hace referencia en la Web, ni garantiza la ausencia de virus u otros elementos en los mismos que puedan producir alteraciones en el sistema inform\u00e1tico (hardware y software), los documentos o los ficheros del usuario, excluyendo cualquier responsabilidad por los da\u00f1os de cualquier clase causados al usuario por este motivo.<\/p>\n<h3>III &#8211; Propiedad intelectual e industrial<\/h3>\n<p>Los derechos de propiedad intelectual de la Web <strong>www.marbarroso.com<\/strong>, la informaci\u00f3n, datos, contenidos, bases de datos, dise\u00f1os, fotograf\u00edas, c\u00f3digos fuente, estructuras de navegaci\u00f3n y dem\u00e1s servicios o productos telem\u00e1ticos integrados en la web corporativa a los que&nbsp;<strong>MARISCOS MB S.L.U.<\/strong> permite tener acceso, as\u00ed como la de los productos eventualmente derivados y los manuales de utilizaci\u00f3n son propiedad exclusiva de <strong>MARISCOS MB S.L.U.<\/strong>, de sus proveedores, o de los titulares respectivos seg\u00fan proceda, por lo que el usuario se compromete a no infringir ning\u00fan derecho derivado de la propiedad industrial o intelectual. El usuario se compromete a utilizar dicha informaci\u00f3n y servicios exclusivamente para sus propias necesidades y a no realizar directa o indirectamente una explotaci\u00f3n comercial de los servicios a los que tiene acceso o de los resultados obtenidos gracias a la utilizaci\u00f3n de la web corporativa, salvo que haya obtenido consentimiento expreso de <strong>MARISCOS MB S.L.U.<\/strong>.<\/p>\n<\/p><\/div>\n<\/p><\/div>\n<div class=\"col-xs-12 col-s-12 col-md-6 text-left\" style=\"padding-top:30px;\">\n<h3>IV &#8211; Autenticaci\u00f3n<\/h3>\n<p><strong>MARISCOS MB S.L.U.<\/strong>&nbsp;podr\u00e1 establecer diferentes sistemas de autenticaci\u00f3n en la web corporativa de tal forma que a trav\u00e9s de datos solicitados previamente o a trav\u00e9s de identificadores y contrase\u00f1as se autentique a los usuarios de la web corporativa. En caso de que&nbsp;<strong>MARISCOS MB S.L.U.<\/strong> realice la autenticaci\u00f3n de los usuarios a trav\u00e9s de identificadores y contrase\u00f1as, tanto el identificador como la contrase\u00f1a pertenecer\u00e1n exclusivamente a la persona a la que se le conceden. El usuario deber\u00e1 mantener bajo su exclusiva responsabilidad tanto el identificador como la contrase\u00f1a en la m\u00e1s estricta y absoluta confidencialidad, asumiendo, por tanto, cuantos da\u00f1os o consecuencias de todo tipo se deriven del quebrantamiento o revelaci\u00f3n del secreto.<\/p>\n<h3>V &#8211; \u00c9tica y responsabilidad derivada del uso por el usuario de internet y de la web corporativa<\/h3>\n<p><strong>MARISCOS MB S.L.U.<\/strong>&nbsp;no ser\u00e1 en ning\u00fan caso responsable del uso de la web corporativa que realice el usuario. El usuario se abstendr\u00e1 de llevar a cabo cualquier conducta en el uso de la web corporativa o de los recursos puestos a su disposici\u00f3n que atente contra los derechos de propiedad intelectual o industrial de&nbsp;<strong>MARISCOS MB S.L.U.<\/strong> o de terceros, que vulnere o transgreda el honor, la intimidad personal o familiar o la imagen a terceros, o que sean il\u00edcitos o atenten a la moralidad y dejar\u00e1 en todo caso indemne a&nbsp;<strong>MARISCOS MB S.L.U.<\/strong> frente cualquier reclamaci\u00f3n, judicial o extrajudicial, que se presente frente a ella como consecuencia de dicho uso. El usuario se abstendr\u00e1 de llevar a cabo por cualquier medio cualquier destrucci\u00f3n, alteraci\u00f3n, inutilizaci\u00f3n o da\u00f1os de los datos, programas o documentos electr\u00f3nicos pertenecientes a <strong>MARISCOS MB S.L.U.<\/strong>, a sus proveedores o a terceros, as\u00ed como de introducci\u00f3n o difundir en la Red programas, virus, applets, o cualquier instrumento f\u00edsico o electr\u00f3nico que causen o sean susceptibles de causar cualquier tipo de alteraci\u00f3n en la Red, en el sistema, o en los equipos de terceros. Queda expresamente prohibido borrar, modificar los mensajes de correo electr\u00f3nico de otros usuarios, enviar mensajes de correo masivo, con fines comerciales o publicitarios, as\u00ed como llevar a cabo cualquier tipo de actividad o pr\u00e1ctica que transgreda los principios de buena conducta aceptados generalmente entre los usuarios de Internet.<\/p>\n<h3>VI &#8211; Uso de las cookies<\/h3>\n<p>Las cookies son peque\u00f1os dispositivos que permiten recordar datos de navegaci\u00f3n de los usuarios, las cookies utilizadas por&nbsp;<strong>MARISCOS MB S.L.U.<\/strong> no proporcionan datos personales de los usuarios, ni pueden asociarse a persona identificada o identificable.&nbsp;<strong>MARISCOS MB S.L.U.<\/strong> utiliza cookies para recordar las preferencias de los usuarios en sus visitas a la p\u00e1gina o sitios Web de&nbsp;<strong>MARISCOS MB S.L.U.<\/strong> y las utiliza para hacer una navegaci\u00f3n m\u00e1s eficiente para el usuario en pr\u00f3ximas visitas. El usuario puede desactivar de su ordenador la instalaci\u00f3n de cookies mediante la configuraci\u00f3n de su navegador. Para desactivar correctamente las cookies le recomendamos consultar directamente el manual de su navegador ya que, dependiendo de \u00e9ste, la forma de hacerlo puede variar.<\/p>\n<h3>VII &#8211; Reclamaciones<\/h3>\n<p>El usuario podr\u00e1 dirigir las reclamaciones sobre los servicios prestados a <strong>MARISCOS MB S.L.U. Telf.: <span class=\"icon-phone\">(+34) 959 31 43 34 <\/span>.<\/strong> El usuario tendr\u00e1 disponibles Hojas de Reclamaciones Oficiales en la direcci\u00f3n anteriormente referida. <strong>MARISCOS MB S.L.U.<\/strong> y el usuario, con renuncia expresa a cualquier otro fuero, se someten al de los Juzgados y Tribunales de<strong> Huelva.<\/strong><\/p>\n<\/p><\/div>\n<\/p><\/div>\n<\/div>\n","protected":false},"excerpt":{"rendered":"<p>General Information MARISCOS MB S.L.U. Company Name: MARISCOS MB S.L.U.C.I.F: B21552328 Telephone: (+34) 959 31 43 34E-mail: gestion@marbarroso.com I &#8211; Objeto El objeto de las presentes condiciones generales es regular el uso que pueden realizar los usuarios de la web corporativa de MARISCOS MB S.L.U., que actualmente se encuentra en la URL www.marbarroso.com (en adelante [&hellip;]<\/p>\n","protected":false},"author":1,"featured_media":106,"parent":0,"menu_order":0,"comment_status":"closed","ping_status":"closed","template":"","meta":{"footnotes":""},"class_list":["post-125","page","type-page","status-publish","has-post-thumbnail","hentry"],"yoast_head":"<!-- This site is optimized with the Yoast SEO plugin v27.3 - https:\/\/yoast.com\/product\/yoast-seo-wordpress\/ -->\n<title>Legal Notice - Mariscos Mar Barroso<\/title>\n<meta name=\"robots\" content=\"index, follow, max-snippet:-1, max-image-preview:large, max-video-preview:-1\" \/>\n<link rel=\"canonical\" href=\"https:\/\/www.marbarroso.com\/en\/aviso-legal\/\" \/>\n<meta property=\"og:locale\" content=\"en_US\" \/>\n<meta property=\"og:type\" content=\"article\" \/>\n<meta property=\"og:title\" content=\"Legal Notice - Mariscos Mar Barroso\" \/>\n<meta property=\"og:description\" content=\"General Information MARISCOS MB S.L.U. Company Name: MARISCOS MB S.L.U.C.I.F: B21552328 Telephone: (+34) 959 31 43 34E-mail: gestion@marbarroso.com I &#8211; Objeto El objeto de las presentes condiciones generales es regular el uso que pueden realizar los usuarios de la web corporativa de MARISCOS MB S.L.U., que actualmente se encuentra en la URL www.marbarroso.com (en adelante [&hellip;]\" \/>\n<meta property=\"og:url\" content=\"https:\/\/www.marbarroso.com\/en\/aviso-legal\/\" \/>\n<meta property=\"og:site_name\" content=\"Mariscos Mar Barroso\" \/>\n<meta property=\"article:modified_time\" content=\"2025-03-20T10:25:16+00:00\" \/>\n<meta property=\"og:image\" content=\"https:\/\/www.marbarroso.com\/wp-content\/uploads\/2025\/03\/header_01.jpg\" \/>\n\t<meta property=\"og:image:width\" content=\"1829\" \/>\n\t<meta property=\"og:image:height\" content=\"377\" \/>\n\t<meta property=\"og:image:type\" content=\"image\/jpeg\" \/>\n<meta name=\"twitter:card\" content=\"summary_large_image\" \/>\n<meta name=\"twitter:label1\" content=\"Est. reading time\" \/>\n\t<meta name=\"twitter:data1\" content=\"7 minutes\" \/>\n<script type=\"application\/ld+json\" class=\"yoast-schema-graph\">{\"@context\":\"https:\\\/\\\/schema.org\",\"@graph\":[{\"@type\":\"WebPage\",\"@id\":\"https:\\\/\\\/www.marbarroso.com\\\/en\\\/aviso-legal\\\/\",\"url\":\"https:\\\/\\\/www.marbarroso.com\\\/en\\\/aviso-legal\\\/\",\"name\":\"Legal Notice - Mariscos Mar Barroso\",\"isPartOf\":{\"@id\":\"https:\\\/\\\/www.marbarroso.com\\\/#website\"},\"primaryImageOfPage\":{\"@id\":\"https:\\\/\\\/www.marbarroso.com\\\/en\\\/aviso-legal\\\/#primaryimage\"},\"image\":{\"@id\":\"https:\\\/\\\/www.marbarroso.com\\\/en\\\/aviso-legal\\\/#primaryimage\"},\"thumbnailUrl\":\"https:\\\/\\\/www.marbarroso.com\\\/wp-content\\\/uploads\\\/2025\\\/03\\\/header_01.jpg\",\"datePublished\":\"2025-03-13T12:44:05+00:00\",\"dateModified\":\"2025-03-20T10:25:16+00:00\",\"breadcrumb\":{\"@id\":\"https:\\\/\\\/www.marbarroso.com\\\/en\\\/aviso-legal\\\/#breadcrumb\"},\"inLanguage\":\"en-US\",\"potentialAction\":[{\"@type\":\"ReadAction\",\"target\":[\"https:\\\/\\\/www.marbarroso.com\\\/en\\\/aviso-legal\\\/\"]}]},{\"@type\":\"ImageObject\",\"inLanguage\":\"en-US\",\"@id\":\"https:\\\/\\\/www.marbarroso.com\\\/en\\\/aviso-legal\\\/#primaryimage\",\"url\":\"https:\\\/\\\/www.marbarroso.com\\\/wp-content\\\/uploads\\\/2025\\\/03\\\/header_01.jpg\",\"contentUrl\":\"https:\\\/\\\/www.marbarroso.com\\\/wp-content\\\/uploads\\\/2025\\\/03\\\/header_01.jpg\",\"width\":1829,\"height\":377},{\"@type\":\"BreadcrumbList\",\"@id\":\"https:\\\/\\\/www.marbarroso.com\\\/en\\\/aviso-legal\\\/#breadcrumb\",\"itemListElement\":[{\"@type\":\"ListItem\",\"position\":1,\"name\":\"Home\",\"item\":\"https:\\\/\\\/www.marbarroso.com\\\/en\\\/\"},{\"@type\":\"ListItem\",\"position\":2,\"name\":\"Legal Notice\"}]},{\"@type\":\"WebSite\",\"@id\":\"https:\\\/\\\/www.marbarroso.com\\\/#website\",\"url\":\"https:\\\/\\\/www.marbarroso.com\\\/\",\"name\":\"Mariscos Mar Barroso\",\"description\":\"Pulpo cocido ARTESANAL y otros productos del mar\",\"publisher\":{\"@id\":\"https:\\\/\\\/www.marbarroso.com\\\/#organization\"},\"potentialAction\":[{\"@type\":\"SearchAction\",\"target\":{\"@type\":\"EntryPoint\",\"urlTemplate\":\"https:\\\/\\\/www.marbarroso.com\\\/?s={search_term_string}\"},\"query-input\":{\"@type\":\"PropertyValueSpecification\",\"valueRequired\":true,\"valueName\":\"search_term_string\"}}],\"inLanguage\":\"en-US\"},{\"@type\":\"Organization\",\"@id\":\"https:\\\/\\\/www.marbarroso.com\\\/#organization\",\"name\":\"Mariscos Mar Barroso\",\"url\":\"https:\\\/\\\/www.marbarroso.com\\\/\",\"logo\":{\"@type\":\"ImageObject\",\"inLanguage\":\"en-US\",\"@id\":\"https:\\\/\\\/www.marbarroso.com\\\/#\\\/schema\\\/logo\\\/image\\\/\",\"url\":\"https:\\\/\\\/www.marbarroso.com\\\/wp-content\\\/uploads\\\/2025\\\/03\\\/logo_dark.png\",\"contentUrl\":\"https:\\\/\\\/www.marbarroso.com\\\/wp-content\\\/uploads\\\/2025\\\/03\\\/logo_dark.png\",\"width\":347,\"height\":93,\"caption\":\"Mariscos Mar Barroso\"},\"image\":{\"@id\":\"https:\\\/\\\/www.marbarroso.com\\\/#\\\/schema\\\/logo\\\/image\\\/\"}}]}<\/script>\n<!-- \/ Yoast SEO plugin. -->","yoast_head_json":{"title":"Legal Notice - Mariscos Mar Barroso","robots":{"index":"index","follow":"follow","max-snippet":"max-snippet:-1","max-image-preview":"max-image-preview:large","max-video-preview":"max-video-preview:-1"},"canonical":"https:\/\/www.marbarroso.com\/en\/aviso-legal\/","og_locale":"en_US","og_type":"article","og_title":"Legal Notice - Mariscos Mar Barroso","og_description":"General Information MARISCOS MB S.L.U. Company Name: MARISCOS MB S.L.U.C.I.F: B21552328 Telephone: (+34) 959 31 43 34E-mail: gestion@marbarroso.com I &#8211; Objeto El objeto de las presentes condiciones generales es regular el uso que pueden realizar los usuarios de la web corporativa de MARISCOS MB S.L.U., que actualmente se encuentra en la URL www.marbarroso.com (en adelante [&hellip;]","og_url":"https:\/\/www.marbarroso.com\/en\/aviso-legal\/","og_site_name":"Mariscos Mar Barroso","article_modified_time":"2025-03-20T10:25:16+00:00","og_image":[{"width":1829,"height":377,"url":"https:\/\/www.marbarroso.com\/wp-content\/uploads\/2025\/03\/header_01.jpg","type":"image\/jpeg"}],"twitter_card":"summary_large_image","twitter_misc":{"Est. reading time":"7 minutes"},"schema":{"@context":"https:\/\/schema.org","@graph":[{"@type":"WebPage","@id":"https:\/\/www.marbarroso.com\/en\/aviso-legal\/","url":"https:\/\/www.marbarroso.com\/en\/aviso-legal\/","name":"Legal Notice - Mariscos Mar Barroso","isPartOf":{"@id":"https:\/\/www.marbarroso.com\/#website"},"primaryImageOfPage":{"@id":"https:\/\/www.marbarroso.com\/en\/aviso-legal\/#primaryimage"},"image":{"@id":"https:\/\/www.marbarroso.com\/en\/aviso-legal\/#primaryimage"},"thumbnailUrl":"https:\/\/www.marbarroso.com\/wp-content\/uploads\/2025\/03\/header_01.jpg","datePublished":"2025-03-13T12:44:05+00:00","dateModified":"2025-03-20T10:25:16+00:00","breadcrumb":{"@id":"https:\/\/www.marbarroso.com\/en\/aviso-legal\/#breadcrumb"},"inLanguage":"en-US","potentialAction":[{"@type":"ReadAction","target":["https:\/\/www.marbarroso.com\/en\/aviso-legal\/"]}]},{"@type":"ImageObject","inLanguage":"en-US","@id":"https:\/\/www.marbarroso.com\/en\/aviso-legal\/#primaryimage","url":"https:\/\/www.marbarroso.com\/wp-content\/uploads\/2025\/03\/header_01.jpg","contentUrl":"https:\/\/www.marbarroso.com\/wp-content\/uploads\/2025\/03\/header_01.jpg","width":1829,"height":377},{"@type":"BreadcrumbList","@id":"https:\/\/www.marbarroso.com\/en\/aviso-legal\/#breadcrumb","itemListElement":[{"@type":"ListItem","position":1,"name":"Home","item":"https:\/\/www.marbarroso.com\/en\/"},{"@type":"ListItem","position":2,"name":"Legal Notice"}]},{"@type":"WebSite","@id":"https:\/\/www.marbarroso.com\/#website","url":"https:\/\/www.marbarroso.com\/","name":"Mariscos Mar Barroso","description":"Pulpo cocido ARTESANAL y otros productos del mar","publisher":{"@id":"https:\/\/www.marbarroso.com\/#organization"},"potentialAction":[{"@type":"SearchAction","target":{"@type":"EntryPoint","urlTemplate":"https:\/\/www.marbarroso.com\/?s={search_term_string}"},"query-input":{"@type":"PropertyValueSpecification","valueRequired":true,"valueName":"search_term_string"}}],"inLanguage":"en-US"},{"@type":"Organization","@id":"https:\/\/www.marbarroso.com\/#organization","name":"Mariscos Mar Barroso","url":"https:\/\/www.marbarroso.com\/","logo":{"@type":"ImageObject","inLanguage":"en-US","@id":"https:\/\/www.marbarroso.com\/#\/schema\/logo\/image\/","url":"https:\/\/www.marbarroso.com\/wp-content\/uploads\/2025\/03\/logo_dark.png","contentUrl":"https:\/\/www.marbarroso.com\/wp-content\/uploads\/2025\/03\/logo_dark.png","width":347,"height":93,"caption":"Mariscos Mar Barroso"},"image":{"@id":"https:\/\/www.marbarroso.com\/#\/schema\/logo\/image\/"}}]}},"_links":{"self":[{"href":"https:\/\/www.marbarroso.com\/en\/wp-json\/wp\/v2\/pages\/125","targetHints":{"allow":["GET"]}}],"collection":[{"href":"https:\/\/www.marbarroso.com\/en\/wp-json\/wp\/v2\/pages"}],"about":[{"href":"https:\/\/www.marbarroso.com\/en\/wp-json\/wp\/v2\/types\/page"}],"author":[{"embeddable":true,"href":"https:\/\/www.marbarroso.com\/en\/wp-json\/wp\/v2\/users\/1"}],"replies":[{"embeddable":true,"href":"https:\/\/www.marbarroso.com\/en\/wp-json\/wp\/v2\/comments?post=125"}],"version-history":[{"count":2,"href":"https:\/\/www.marbarroso.com\/en\/wp-json\/wp\/v2\/pages\/125\/revisions"}],"predecessor-version":[{"id":129,"href":"https:\/\/www.marbarroso.com\/en\/wp-json\/wp\/v2\/pages\/125\/revisions\/129"}],"wp:featuredmedia":[{"embeddable":true,"href":"https:\/\/www.marbarroso.com\/en\/wp-json\/wp\/v2\/media\/106"}],"wp:attachment":[{"href":"https:\/\/www.marbarroso.com\/en\/wp-json\/wp\/v2\/media?parent=125"}],"curies":[{"name":"wp","href":"https:\/\/api.w.org\/{rel}","templated":true}]}}