{"id":127,"date":"2025-03-13T13:44:24","date_gmt":"2025-03-13T12:44:24","guid":{"rendered":"https:\/\/mbarroso.prismasg.com\/cookie-notice\/"},"modified":"2025-03-13T13:44:24","modified_gmt":"2025-03-13T12:44:24","slug":"cookie-notice","status":"publish","type":"page","link":"https:\/\/www.marbarroso.com\/en\/cookie-notice\/","title":{"rendered":"Cookie Notice"},"content":{"rendered":"<div class=\"container-fluid px-0\">\n<div class=\"marketing-line header_3\">\n<h3 class=\"lead-line\">Cookies Policy.<\/h3>\n<\/p><\/div>\n<\/div>\n<div class=\"section-container\">\n<div class=\"row marketing\">\n<div class=\"col-lg-12 text-left pt-0 px-5\">\n<div class=\"trescol legal\">\n<h3>What are cookies?<\/h3>\n<p><strong>A cookie is a &#8220;small piece&#8221; of information that is stored in your browser<\/strong> when you visit our website.<\/p>\n<p>Gracias a esa informaci\u00f3n, entre otras cosas, recordamos tus preferencias para que cuando nos hagas una nueva visita, tengas una mejor experiencia online.<\/p>\n<p>Puedes decidir si permites o no las cookies que usa nuestro sitio, pero si te decides a no permitirlas, tienes que bloquearlas en tu navegador.<\/p>\n<h3>Why should I allow cookies?<\/h3>\n<p>Si nos permites usar las cookies, obtendr\u00e1s una <strong>experiencia completa<\/strong> en nuestro sitio web.<\/p>\n<p>Adem\u00e1s, hay algunas acciones b\u00e1sicas que necesitan que nos permitas usar cookies, tales como el sistema de reservas o el de an\u00e1lisis estad\u00edstico de las visitas a nuestro sitio web.<\/p>\n<h3>\u00bfQu\u00e9 ocurre si bloqueas las cookies?<\/h3>\n<p>Si te decides a bloquear el uso de las cookies de nuestro sitio web es posible que <strong>impidas el correcto funcionamiento de algunas caracter\u00edsticas nuestro sitio web<\/strong>, por lo que se restringir\u00e1 lo que puedes hacer en las p\u00e1ginas de nuestro sitio.<\/p>\n<h3>Sistemas de anal\u00edtica web<\/h3>\n<p>Nuestro sitio web utiliza <strong>Google Analytics TM<\/strong> para analizar las m\u00e9tricas web del mismo. Estas m\u00e9tricas consisten en un completo conjunto de estad\u00edsticas referidas al uso del sitio e incluyen much\u00edsimos datos de nuestros inter\u00e9s como por ejemplo el n\u00famero de visitas, su procedencia, el tiempo que pasan en nuestro sitio, etc.<\/p>\n<p><strong>Google Analytics TM<\/strong> es un servicio de an\u00e1lisis de sitos webs prestado por Google, Inc. (\u201cGoogle\u201d), una compa\u00f1\u00eda de Delaware, con domicilio en 1600 Amphitheatre Parkway, Mountain View (California), CA 94043, Estados Unidos.<\/p>\n<p>Google Analytics utiliza \u201ccookies\u201d para ayudar a analizar el uso que los usuarios hacen de nuestro sitio web. La informaci\u00f3n que genera la cookie acerca de tu uso del sitio web (incluyendo tu direcci\u00f3n IP) ser\u00e1 directamente transmitida y archivada por Google en los servidores de Estados Unidos. Google usar\u00e1 esta informaci\u00f3n para:<\/p>\n<ul class=\"listado\">\n<li>Hacer un seguimiento de tu uso de nuestro sitio web<\/li>\n<li>Recoger informaci\u00f3n sobre la actividad de los visitantes del mismo<\/li>\n<li>prestar otros servicios relacionados con la actividad de nuestro sitio y el uso de Internet<\/li>\n<\/ul>\n<p>Google podr\u00e1 transmitir dicha informaci\u00f3n a terceros cuando as\u00ed se lo requiera la legislaci\u00f3n, o cuando dichos terceros procesen la informaci\u00f3n por cuenta de Google. Google no asociar\u00e1 su direcci\u00f3n IP con ning\u00fan otro dato del que disponga Google.<\/p>\n<p>Puedes oponerte al tratamiento de los datos o la informaci\u00f3n rechazando el uso de cookies mediante la selecci\u00f3n de la configuraci\u00f3n apropiada de tu navegador, sin embargo, debes saber que si lo haces es posible que no est\u00e9 disponible la total funcionabilidad de este sitio web.<\/p>\n<p>Al utilizar este sitio web consientes el tratamiento de informaci\u00f3n por Google en la forma y para los fines arriba indicados.<\/p>\n<\/p><\/div>\n<\/p><\/div>\n<\/p><\/div>\n<\/div>\n","protected":false},"excerpt":{"rendered":"<p>Cookies Policy. What are cookies? A cookie is a &#8220;small piece&#8221; of information that is stored in your browser when you visit our website. Gracias a esa informaci\u00f3n, entre otras cosas, recordamos tus preferencias para que cuando nos hagas una nueva visita, tengas una mejor experiencia online. Puedes decidir si permites o no las cookies [&hellip;]<\/p>\n","protected":false},"author":1,"featured_media":106,"parent":0,"menu_order":0,"comment_status":"closed","ping_status":"closed","template":"","meta":{"footnotes":""},"class_list":["post-127","page","type-page","status-publish","has-post-thumbnail","hentry"],"yoast_head":"<!-- This site is optimized with the Yoast SEO plugin v27.3 - https:\/\/yoast.com\/product\/yoast-seo-wordpress\/ -->\n<title>Cookie Notice - Mariscos Mar Barroso<\/title>\n<meta name=\"robots\" content=\"index, follow, max-snippet:-1, max-image-preview:large, max-video-preview:-1\" \/>\n<link rel=\"canonical\" href=\"https:\/\/www.marbarroso.com\/en\/cookie-notice\/\" \/>\n<meta property=\"og:locale\" content=\"en_US\" \/>\n<meta property=\"og:type\" content=\"article\" \/>\n<meta property=\"og:title\" content=\"Cookie Notice - Mariscos Mar Barroso\" \/>\n<meta property=\"og:description\" content=\"Cookies Policy. What are cookies? A cookie is a &#8220;small piece&#8221; of information that is stored in your browser when you visit our website. Gracias a esa informaci\u00f3n, entre otras cosas, recordamos tus preferencias para que cuando nos hagas una nueva visita, tengas una mejor experiencia online. Puedes decidir si permites o no las cookies [&hellip;]\" \/>\n<meta property=\"og:url\" content=\"https:\/\/www.marbarroso.com\/en\/cookie-notice\/\" \/>\n<meta property=\"og:site_name\" content=\"Mariscos Mar Barroso\" \/>\n<meta property=\"og:image\" content=\"https:\/\/www.marbarroso.com\/wp-content\/uploads\/2025\/03\/header_01.jpg\" \/>\n\t<meta property=\"og:image:width\" content=\"1829\" \/>\n\t<meta property=\"og:image:height\" content=\"377\" \/>\n\t<meta property=\"og:image:type\" content=\"image\/jpeg\" \/>\n<meta name=\"twitter:card\" content=\"summary_large_image\" \/>\n<meta name=\"twitter:label1\" content=\"Est. reading time\" \/>\n\t<meta name=\"twitter:data1\" content=\"2 minutes\" \/>\n<script type=\"application\/ld+json\" class=\"yoast-schema-graph\">{\"@context\":\"https:\\\/\\\/schema.org\",\"@graph\":[{\"@type\":\"WebPage\",\"@id\":\"https:\\\/\\\/www.marbarroso.com\\\/en\\\/cookie-notice\\\/\",\"url\":\"https:\\\/\\\/www.marbarroso.com\\\/en\\\/cookie-notice\\\/\",\"name\":\"Cookie Notice - Mariscos Mar Barroso\",\"isPartOf\":{\"@id\":\"https:\\\/\\\/www.marbarroso.com\\\/#website\"},\"primaryImageOfPage\":{\"@id\":\"https:\\\/\\\/www.marbarroso.com\\\/en\\\/cookie-notice\\\/#primaryimage\"},\"image\":{\"@id\":\"https:\\\/\\\/www.marbarroso.com\\\/en\\\/cookie-notice\\\/#primaryimage\"},\"thumbnailUrl\":\"https:\\\/\\\/www.marbarroso.com\\\/wp-content\\\/uploads\\\/2025\\\/03\\\/header_01.jpg\",\"datePublished\":\"2025-03-13T12:44:24+00:00\",\"breadcrumb\":{\"@id\":\"https:\\\/\\\/www.marbarroso.com\\\/en\\\/cookie-notice\\\/#breadcrumb\"},\"inLanguage\":\"en-US\",\"potentialAction\":[{\"@type\":\"ReadAction\",\"target\":[\"https:\\\/\\\/www.marbarroso.com\\\/en\\\/cookie-notice\\\/\"]}]},{\"@type\":\"ImageObject\",\"inLanguage\":\"en-US\",\"@id\":\"https:\\\/\\\/www.marbarroso.com\\\/en\\\/cookie-notice\\\/#primaryimage\",\"url\":\"https:\\\/\\\/www.marbarroso.com\\\/wp-content\\\/uploads\\\/2025\\\/03\\\/header_01.jpg\",\"contentUrl\":\"https:\\\/\\\/www.marbarroso.com\\\/wp-content\\\/uploads\\\/2025\\\/03\\\/header_01.jpg\",\"width\":1829,\"height\":377},{\"@type\":\"BreadcrumbList\",\"@id\":\"https:\\\/\\\/www.marbarroso.com\\\/en\\\/cookie-notice\\\/#breadcrumb\",\"itemListElement\":[{\"@type\":\"ListItem\",\"position\":1,\"name\":\"Home\",\"item\":\"https:\\\/\\\/www.marbarroso.com\\\/en\\\/\"},{\"@type\":\"ListItem\",\"position\":2,\"name\":\"Cookie Notice\"}]},{\"@type\":\"WebSite\",\"@id\":\"https:\\\/\\\/www.marbarroso.com\\\/#website\",\"url\":\"https:\\\/\\\/www.marbarroso.com\\\/\",\"name\":\"Mariscos Mar Barroso\",\"description\":\"Pulpo cocido ARTESANAL y otros productos del mar\",\"publisher\":{\"@id\":\"https:\\\/\\\/www.marbarroso.com\\\/#organization\"},\"potentialAction\":[{\"@type\":\"SearchAction\",\"target\":{\"@type\":\"EntryPoint\",\"urlTemplate\":\"https:\\\/\\\/www.marbarroso.com\\\/?s={search_term_string}\"},\"query-input\":{\"@type\":\"PropertyValueSpecification\",\"valueRequired\":true,\"valueName\":\"search_term_string\"}}],\"inLanguage\":\"en-US\"},{\"@type\":\"Organization\",\"@id\":\"https:\\\/\\\/www.marbarroso.com\\\/#organization\",\"name\":\"Mariscos Mar Barroso\",\"url\":\"https:\\\/\\\/www.marbarroso.com\\\/\",\"logo\":{\"@type\":\"ImageObject\",\"inLanguage\":\"en-US\",\"@id\":\"https:\\\/\\\/www.marbarroso.com\\\/#\\\/schema\\\/logo\\\/image\\\/\",\"url\":\"https:\\\/\\\/www.marbarroso.com\\\/wp-content\\\/uploads\\\/2025\\\/03\\\/logo_dark.png\",\"contentUrl\":\"https:\\\/\\\/www.marbarroso.com\\\/wp-content\\\/uploads\\\/2025\\\/03\\\/logo_dark.png\",\"width\":347,\"height\":93,\"caption\":\"Mariscos Mar Barroso\"},\"image\":{\"@id\":\"https:\\\/\\\/www.marbarroso.com\\\/#\\\/schema\\\/logo\\\/image\\\/\"}}]}<\/script>\n<!-- \/ Yoast SEO plugin. -->","yoast_head_json":{"title":"Cookie Notice - Mariscos Mar Barroso","robots":{"index":"index","follow":"follow","max-snippet":"max-snippet:-1","max-image-preview":"max-image-preview:large","max-video-preview":"max-video-preview:-1"},"canonical":"https:\/\/www.marbarroso.com\/en\/cookie-notice\/","og_locale":"en_US","og_type":"article","og_title":"Cookie Notice - Mariscos Mar Barroso","og_description":"Cookies Policy. What are cookies? A cookie is a &#8220;small piece&#8221; of information that is stored in your browser when you visit our website. Gracias a esa informaci\u00f3n, entre otras cosas, recordamos tus preferencias para que cuando nos hagas una nueva visita, tengas una mejor experiencia online. Puedes decidir si permites o no las cookies [&hellip;]","og_url":"https:\/\/www.marbarroso.com\/en\/cookie-notice\/","og_site_name":"Mariscos Mar Barroso","og_image":[{"width":1829,"height":377,"url":"https:\/\/www.marbarroso.com\/wp-content\/uploads\/2025\/03\/header_01.jpg","type":"image\/jpeg"}],"twitter_card":"summary_large_image","twitter_misc":{"Est. reading time":"2 minutes"},"schema":{"@context":"https:\/\/schema.org","@graph":[{"@type":"WebPage","@id":"https:\/\/www.marbarroso.com\/en\/cookie-notice\/","url":"https:\/\/www.marbarroso.com\/en\/cookie-notice\/","name":"Cookie Notice - Mariscos Mar Barroso","isPartOf":{"@id":"https:\/\/www.marbarroso.com\/#website"},"primaryImageOfPage":{"@id":"https:\/\/www.marbarroso.com\/en\/cookie-notice\/#primaryimage"},"image":{"@id":"https:\/\/www.marbarroso.com\/en\/cookie-notice\/#primaryimage"},"thumbnailUrl":"https:\/\/www.marbarroso.com\/wp-content\/uploads\/2025\/03\/header_01.jpg","datePublished":"2025-03-13T12:44:24+00:00","breadcrumb":{"@id":"https:\/\/www.marbarroso.com\/en\/cookie-notice\/#breadcrumb"},"inLanguage":"en-US","potentialAction":[{"@type":"ReadAction","target":["https:\/\/www.marbarroso.com\/en\/cookie-notice\/"]}]},{"@type":"ImageObject","inLanguage":"en-US","@id":"https:\/\/www.marbarroso.com\/en\/cookie-notice\/#primaryimage","url":"https:\/\/www.marbarroso.com\/wp-content\/uploads\/2025\/03\/header_01.jpg","contentUrl":"https:\/\/www.marbarroso.com\/wp-content\/uploads\/2025\/03\/header_01.jpg","width":1829,"height":377},{"@type":"BreadcrumbList","@id":"https:\/\/www.marbarroso.com\/en\/cookie-notice\/#breadcrumb","itemListElement":[{"@type":"ListItem","position":1,"name":"Home","item":"https:\/\/www.marbarroso.com\/en\/"},{"@type":"ListItem","position":2,"name":"Cookie Notice"}]},{"@type":"WebSite","@id":"https:\/\/www.marbarroso.com\/#website","url":"https:\/\/www.marbarroso.com\/","name":"Mariscos Mar Barroso","description":"Pulpo cocido ARTESANAL y otros productos del mar","publisher":{"@id":"https:\/\/www.marbarroso.com\/#organization"},"potentialAction":[{"@type":"SearchAction","target":{"@type":"EntryPoint","urlTemplate":"https:\/\/www.marbarroso.com\/?s={search_term_string}"},"query-input":{"@type":"PropertyValueSpecification","valueRequired":true,"valueName":"search_term_string"}}],"inLanguage":"en-US"},{"@type":"Organization","@id":"https:\/\/www.marbarroso.com\/#organization","name":"Mariscos Mar Barroso","url":"https:\/\/www.marbarroso.com\/","logo":{"@type":"ImageObject","inLanguage":"en-US","@id":"https:\/\/www.marbarroso.com\/#\/schema\/logo\/image\/","url":"https:\/\/www.marbarroso.com\/wp-content\/uploads\/2025\/03\/logo_dark.png","contentUrl":"https:\/\/www.marbarroso.com\/wp-content\/uploads\/2025\/03\/logo_dark.png","width":347,"height":93,"caption":"Mariscos Mar Barroso"},"image":{"@id":"https:\/\/www.marbarroso.com\/#\/schema\/logo\/image\/"}}]}},"_links":{"self":[{"href":"https:\/\/www.marbarroso.com\/en\/wp-json\/wp\/v2\/pages\/127","targetHints":{"allow":["GET"]}}],"collection":[{"href":"https:\/\/www.marbarroso.com\/en\/wp-json\/wp\/v2\/pages"}],"about":[{"href":"https:\/\/www.marbarroso.com\/en\/wp-json\/wp\/v2\/types\/page"}],"author":[{"embeddable":true,"href":"https:\/\/www.marbarroso.com\/en\/wp-json\/wp\/v2\/users\/1"}],"replies":[{"embeddable":true,"href":"https:\/\/www.marbarroso.com\/en\/wp-json\/wp\/v2\/comments?post=127"}],"version-history":[{"count":0,"href":"https:\/\/www.marbarroso.com\/en\/wp-json\/wp\/v2\/pages\/127\/revisions"}],"wp:featuredmedia":[{"embeddable":true,"href":"https:\/\/www.marbarroso.com\/en\/wp-json\/wp\/v2\/media\/106"}],"wp:attachment":[{"href":"https:\/\/www.marbarroso.com\/en\/wp-json\/wp\/v2\/media?parent=127"}],"curies":[{"name":"wp","href":"https:\/\/api.w.org\/{rel}","templated":true}]}}